

{"id":21292,"date":"2024-03-14T05:04:18","date_gmt":"2024-03-14T10:04:18","guid":{"rendered":"https:\/\/avantilanguageschool.com\/?page_id=21292"},"modified":"2024-03-15T06:49:19","modified_gmt":"2024-03-15T11:49:19","slug":"programas-empresariales-2","status":"publish","type":"page","link":"https:\/\/avantilanguageschool.com\/en\/programas-empresariales-2\/","title":{"rendered":"Programas Empresariales"},"content":{"rendered":"<div id=\"pl-21292\"  class=\"panel-layout\" ><div id=\"pg-21292-0\"  class=\"panel-grid panel-has-style\" ><div class=\"siteorigin-panels-stretch panel-row-style panel-row-style-for-21292-0\" data-stretch-type=\"full-width-stretch\" ><div id=\"pgc-21292-0-0\"  class=\"panel-grid-cell\" ><div id=\"panel-21292-0-0-0\" class=\"so-panel widget widget_sow-hero panel-first-child panel-last-child\" data-index=\"0\" ><div\n\t\t\t\n\t\t\tclass=\"so-widget-sow-hero so-widget-sow-hero-default-ab1f81d4d685-21292 so-widget-fittext-wrapper\"\n\t\t\t data-fit-text-compressor=\"0.85\"\n\t\t>\t\t\t\t<div class=\"sow-slider-base\" style=\"display: none\" tabindex=\"0\">\n\t\t\t\t\t<ul\n\t\t\t\t\tclass=\"sow-slider-images\"\n\t\t\t\t\tdata-settings=\"{&quot;pagination&quot;:true,&quot;speed&quot;:400,&quot;timeout&quot;:8000,&quot;paused&quot;:false,&quot;pause_on_hover&quot;:false,&quot;swipe&quot;:true,&quot;nav_always_show_desktop&quot;:&quot;&quot;,&quot;nav_always_show_mobile&quot;:&quot;&quot;,&quot;breakpoint&quot;:&quot;780px&quot;,&quot;unmute&quot;:false,&quot;anchor&quot;:null}\"\n\t\t\t\t\tstyle=\"min-height: 650px\"\t\t\t\t\tdata-anchor-id=\"\"\n\t\t\t\t>\t\t<li class=\"sow-slider-image  sow-slider-image-cover\" style=\"visibility: visible;;background-color: #333333;background-image: url(https:\/\/avantilanguageschool.com\/wp-content\/uploads\/2021\/07\/group-of-people-working-out-business-plan-in-an-office-5-scaled.jpg)\" >\n\t\t\t\t\t<div class=\"sow-slider-image-container\">\n\t\t\t<div class=\"sow-slider-image-wrapper\">\n\t\t\t\t<h1>Programas Empresariales<\/h1>\n<div class=\"sow-hero-buttons\" ><div\n\t\t\t\n\t\t\tclass=\"so-widget-sow-button so-widget-sow-button-flat-66466acb9e12\"\n\t\t\t\n\t\t><div class=\"ow-button-base ow-button-align-center\"\n>\n\t\t\t<a\n\t\t\t\t\thref=\"https:\/\/avantilanguageschool.com\/en\/contact-us\/\"\n\t\t\t\t\tclass=\"sowb-button ow-icon-placement-left ow-button-hover\" \t>\n\t\t<span>\n\t\t\t\n\t\t\tObt\u00e9n tu plan  \t\t<\/span>\n\t\t\t<\/a>\n\t<\/div>\n<\/div><\/div>\n\t\t\t<\/div>\n\t\t<\/div>\n\t\t\t\t<\/li>\n\t\t<\/ul>\t\t\t\t<ol class=\"sow-slider-pagination\">\n\t\t\t\t\t\t\t\t\t\t\t<li><a href=\"#\" data-goto=\"0\" aria-label=\"Display slide 1\"><\/a><\/li>\n\t\t\t\t\t\t\t\t\t<\/ol>\n\n\t\t\t\t<div class=\"sow-slide-nav sow-slide-nav-next\">\n\t\t\t\t\t<a href=\"#\" data-goto=\"next\" aria-label=\"Next slide\" data-action=\"next\">\n\t\t\t\t\t\t<em class=\"sow-sld-icon-thin-right\"><\/em>\n\t\t\t\t\t<\/a>\n\t\t\t\t<\/div>\n\n\t\t\t\t<div class=\"sow-slide-nav sow-slide-nav-prev\">\n\t\t\t\t\t<a href=\"#\" data-goto=\"previous\" aria-label=\"Previous slide\" data-action=\"prev\">\n\t\t\t\t\t\t<em class=\"sow-sld-icon-thin-left\"><\/em>\n\t\t\t\t\t<\/a>\n\t\t\t\t<\/div>\n\t\t\t\t<\/div><\/div><\/div><\/div><\/div><\/div><div id=\"pg-21292-1\"  class=\"panel-grid panel-has-style\" ><div class=\"siteorigin-panels-stretch panel-row-style panel-row-style-for-21292-1\" data-stretch-type=\"full-width-stretch\" ><div id=\"pgc-21292-1-0\"  class=\"panel-grid-cell\" ><div id=\"panel-21292-1-0-0\" class=\"so-panel widget widget_sow-editor panel-first-child panel-last-child\" data-index=\"1\" ><div\n\t\t\t\n\t\t\tclass=\"so-widget-sow-editor so-widget-sow-editor-base\"\n\t\t\t\n\t\t><h3 class=\"widget-title\">Descubre tu Viaje Ling\u00fc\u00edstico Personalizado con Avanti<\/h3>\n<div class=\"siteorigin-widget-tinymce textwidget\">\n\t<p><strong>Descubre el Poder del Idioma con Avanti - Planes Empresariales<\/strong><\/p>\n<p>Eleva la comunicaci\u00f3n global de tu empresa con los Planes Empresariales de Avanti Language School. Ofrecemos programas personalizados, ya sea virtual o presencial, dise\u00f1ados para impulsar la fluidez y la efectividad comunicativa en el entorno corporativo. Sum\u00e9rgete en sesiones intensivas y accede a actividades culturales adicionales que enriquecer\u00e1n la experiencia de aprendizaje de tu equipo.<\/p>\n<p>\u00a1Opta por la excelencia comunicativa y transforma tu negocio hoy!<\/p>\n<\/div>\n<\/div><\/div><\/div><div id=\"pgc-21292-1-1\"  class=\"panel-grid-cell\" ><div id=\"panel-21292-1-1-0\" class=\"so-panel widget widget_sow-image panel-first-child panel-last-child\" data-index=\"2\" ><div\n\t\t\t\n\t\t\tclass=\"so-widget-sow-image so-widget-sow-image-default-8b5b6f678277-21292\"\n\t\t\t\n\t\t>\n<div class=\"sow-image-container\">\n\t\t<img \n\tsrc=\"https:\/\/avantilanguageschool.com\/wp-content\/uploads\/2021\/07\/multi-ethnic-group-of-three-businesspeople-meeting-in-modern-office-two-women-and-man-wearing-suit-looking-at-laptop-computer-scaled.jpg\" width=\"2560\" height=\"1709\" srcset=\"https:\/\/avantilanguageschool.com\/wp-content\/uploads\/2021\/07\/multi-ethnic-group-of-three-businesspeople-meeting-in-modern-office-two-women-and-man-wearing-suit-looking-at-laptop-computer-scaled.jpg 2560w, https:\/\/avantilanguageschool.com\/wp-content\/uploads\/2021\/07\/multi-ethnic-group-of-three-businesspeople-meeting-in-modern-office-two-women-and-man-wearing-suit-looking-at-laptop-computer-300x200.jpg 300w, https:\/\/avantilanguageschool.com\/wp-content\/uploads\/2021\/07\/multi-ethnic-group-of-three-businesspeople-meeting-in-modern-office-two-women-and-man-wearing-suit-looking-at-laptop-computer-1024x683.jpg 1024w, https:\/\/avantilanguageschool.com\/wp-content\/uploads\/2021\/07\/multi-ethnic-group-of-three-businesspeople-meeting-in-modern-office-two-women-and-man-wearing-suit-looking-at-laptop-computer-768x513.jpg 768w, https:\/\/avantilanguageschool.com\/wp-content\/uploads\/2021\/07\/multi-ethnic-group-of-three-businesspeople-meeting-in-modern-office-two-women-and-man-wearing-suit-looking-at-laptop-computer-1536x1025.jpg 1536w, https:\/\/avantilanguageschool.com\/wp-content\/uploads\/2021\/07\/multi-ethnic-group-of-three-businesspeople-meeting-in-modern-office-two-women-and-man-wearing-suit-looking-at-laptop-computer-2048x1367.jpg 2048w, https:\/\/avantilanguageschool.com\/wp-content\/uploads\/2021\/07\/multi-ethnic-group-of-three-businesspeople-meeting-in-modern-office-two-women-and-man-wearing-suit-looking-at-laptop-computer-272x182.jpg 272w\" sizes=\"(max-width: 2560px) 100vw, 2560px\" title=\"Multi-ethnic group of three businesspeople meeting in a modern office. Two women and a man wearing suit looking at a laptop computer.\" alt=\"\" \t\tclass=\"so-widget-image\"\/>\n\t<\/div>\n\n<\/div><\/div><\/div><\/div><\/div><div id=\"pg-21292-2\"  class=\"panel-grid panel-has-style\" ><div class=\"siteorigin-panels-stretch panel-row-style panel-row-style-for-21292-2\" data-stretch-type=\"full\" ><div id=\"pgc-21292-2-0\"  class=\"panel-grid-cell\" ><div id=\"panel-21292-2-0-0\" class=\"so-panel widget widget_sow-accordion panel-first-child panel-last-child\" data-index=\"3\" ><div\n\t\t\t\n\t\t\tclass=\"so-widget-sow-accordion so-widget-sow-accordion-default-8e8937cfa04e-21292\"\n\t\t\t\n\t\t><h3 class=\"widget-title\">Programas Empresariales <\/h3><div>\n\t<div class=\"sow-accordion\">\n\t\t\t<div class=\"sow-accordion-panel\n\t\t\t\t\t\"\n\t\t\t\tdata-anchor-id=\"corporate\">\n\t\t\t\t\t<div class=\"sow-accordion-panel-header-container\" role=\"heading\" aria-level=\"2\">\n\t\t\t\t\t<div class=\"sow-accordion-panel-header\" tabindex=\"0\" role=\"button\" id=\"accordion-label-corporate\" aria-controls=\"accordion-content-corporate\" aria-expanded=\"false\">\n\t\t\t\t\t\t<div class=\"sow-accordion-title sow-accordion-title-icon-left\">\n\t\t\t\t\t\t\t\t\t\t\t\t\t\tCorporate \t\t\t\t\t\t\t\t\t\t\t\t\t<\/div>\n\t\t\t\t\t\t<div class=\"sow-accordion-open-close-button\">\n\t\t\t\t\t\t\t<div class=\"sow-accordion-open-button\">\n\t\t\t\t\t\t\t\t<span class=\"sow-icon-ionicons\" data-sow-icon=\"&#xf218;\"\n\t\t \n\t\taria-hidden=\"true\"><\/span>\t\t\t\t\t\t\t<\/div>\n\t\t\t\t\t\t\t<div class=\"sow-accordion-close-button\">\n\t\t\t\t\t\t\t\t<span class=\"sow-icon-ionicons\" data-sow-icon=\"&#xf209;\"\n\t\t \n\t\taria-hidden=\"true\"><\/span>\t\t\t\t\t\t\t<\/div>\n\t\t\t\t\t\t<\/div>\n\t\t\t\t\t<\/div>\n\t\t\t\t<\/div>\n\n\t\t\t<div\n\t\t\t\tclass=\"sow-accordion-panel-content\"\n\t\t\t\trole=\"region\"\n\t\t\t\taria-labelledby=\"accordion-label-corporate\"\n\t\t\t\tid=\"accordion-content-corporate\"\n\t\t\t\tstyle=\"display: none;\"\t\t\t>\n\t\t\t\t<div class=\"sow-accordion-panel-border\">\n\t\t\t\t\t<p><strong>Planes Corporativos de Aprendizaje de Idiomas para Empresas<\/strong><\/p>\n<p>En Avanti Language School, comprendemos que la comunicaci\u00f3n efectiva es fundamental en el entorno empresarial. Por eso, ofrecemos nuestros Planes Corporativos de Aprendizaje de Idiomas dise\u00f1ados espec\u00edficamente para satisfacer las necesidades de su empresa, con un enfoque en un solo grupo.<\/p>\n<p><strong>Caracter\u00edsticas Clave:<\/strong><\/p>\n<ul>\n<li><strong>Libro de Estudiante Integral:<\/strong> Cada participante recibe un libro de estudiante especialmente seleccionado para complementar su viaje de aprendizaje, proporcionando una gu\u00eda estructurada y efectiva.<\/li>\n<li><strong>Entrevista Personalizada:<\/strong> Realizamos entrevistas personalizadas para evaluar las habilidades ling\u00fc\u00edsticas y establecer objetivos de aprendizaje individuales, garantizando un enfoque adaptado a las necesidades espec\u00edficas de su equipo.<\/li>\n<li><strong>80-119 Horas de Aprendizaje:<\/strong> Los participantes se sumergen en sesiones de aprendizaje de 80 a 119 horas, dise\u00f1adas para proporcionar una mejora significativa en sus habilidades ling\u00fc\u00edsticas.<\/li>\n<li><strong>Clases en Sede\/Online:<\/strong> Ofrecemos flexibilidad en la modalidad de clases, permitiendo a su equipo elegir entre clases en sede u online, seg\u00fan sus preferencias y disponibilidad.<\/li>\n<li><strong>Evaluaciones Intermedias y Finales:<\/strong> Se llevan a cabo evaluaciones intermedias y finales para evaluar el progreso de los participantes y asegurar el logro de los objetivos de aprendizaje.<\/li>\n<li><strong>Prueba de Ubicaci\u00f3n Final:<\/strong> Al finalizar el programa, se realiza una prueba de ubicaci\u00f3n final para evaluar el nivel de competencia ling\u00fc\u00edstica alcanzado por cada participante.<\/li>\n<li><strong>Acompa\u00f1amiento Comercial Permanente:<\/strong> Ofrecemos un acompa\u00f1amiento comercial continuo para asegurar la integraci\u00f3n efectiva del aprendizaje de idiomas en el entorno empresarial y maximizar los beneficios para su organizaci\u00f3n.<\/li>\n<li><strong>Reportes de Asistencia y Supervisi\u00f3n:<\/strong> Se proporcionan reportes detallados sobre la asistencia y el progreso de los participantes al inicio, a la mitad y al final del programa, garantizando una supervisi\u00f3n continua y una evaluaci\u00f3n transparente del rendimiento.<\/li>\n<\/ul>\n<p><strong>Eleva las Habilidades de Comunicaci\u00f3n en tu Empresa con los Planes Corporativos de Avanti Language School. Cont\u00e1ctanos hoy mismo para adaptar una soluci\u00f3n de aprendizaje de idiomas que satisfaga las necesidades espec\u00edficas de tu equipo y empresa.<\/strong><\/p>\n\t\t\t\t<\/div>\n\t\t\t<\/div>\n\t\t<\/div>\n\t\t\t<div class=\"sow-accordion-panel\n\t\t\t\t\t\"\n\t\t\t\tdata-anchor-id=\"enterprise\">\n\t\t\t\t\t<div class=\"sow-accordion-panel-header-container\" role=\"heading\" aria-level=\"2\">\n\t\t\t\t\t<div class=\"sow-accordion-panel-header\" tabindex=\"0\" role=\"button\" id=\"accordion-label-enterprise\" aria-controls=\"accordion-content-enterprise\" aria-expanded=\"false\">\n\t\t\t\t\t\t<div class=\"sow-accordion-title sow-accordion-title-icon-left\">\n\t\t\t\t\t\t\t\t\t\t\t\t\t\tEnterprise\t\t\t\t\t\t\t\t\t\t\t\t\t<\/div>\n\t\t\t\t\t\t<div class=\"sow-accordion-open-close-button\">\n\t\t\t\t\t\t\t<div class=\"sow-accordion-open-button\">\n\t\t\t\t\t\t\t\t<span class=\"sow-icon-ionicons\" data-sow-icon=\"&#xf218;\"\n\t\t \n\t\taria-hidden=\"true\"><\/span>\t\t\t\t\t\t\t<\/div>\n\t\t\t\t\t\t\t<div class=\"sow-accordion-close-button\">\n\t\t\t\t\t\t\t\t<span class=\"sow-icon-ionicons\" data-sow-icon=\"&#xf209;\"\n\t\t \n\t\taria-hidden=\"true\"><\/span>\t\t\t\t\t\t\t<\/div>\n\t\t\t\t\t\t<\/div>\n\t\t\t\t\t<\/div>\n\t\t\t\t<\/div>\n\n\t\t\t<div\n\t\t\t\tclass=\"sow-accordion-panel-content\"\n\t\t\t\trole=\"region\"\n\t\t\t\taria-labelledby=\"accordion-label-enterprise\"\n\t\t\t\tid=\"accordion-content-enterprise\"\n\t\t\t\tstyle=\"display: none;\"\t\t\t>\n\t\t\t\t<div class=\"sow-accordion-panel-border\">\n\t\t\t\t\t<p><strong>Planes Empresariales de Aprendizaje de Idiomas para Empresas<\/strong><\/p>\n<p>En Avanti Language School, comprendemos la importancia de la comunicaci\u00f3n efectiva en el mundo corporativo. Por eso, ofrecemos nuestros Planes Empresariales de Aprendizaje de Idiomas dise\u00f1ados espec\u00edficamente para empresas, con capacidad para hasta 2 grupos.<\/p>\n<p><strong>Caracter\u00edsticas Clave:<\/strong><\/p>\n<ul>\n<li><strong>Libro de Estudiante Integral:<\/strong> Cada participante recibe un libro de estudiante cuidadosamente seleccionado, complementando su viaje de aprendizaje y proporcionando una gu\u00eda estructurada.<\/li>\n<li><strong>Entrevista Personalizada:<\/strong> Realizamos entrevistas personalizadas para evaluar la competencia ling\u00fc\u00edstica y los objetivos de aprendizaje de cada participante, garantizando una experiencia de aprendizaje adaptada.<\/li>\n<li><strong>120-200 Horas de Aprendizaje:<\/strong> Los participantes se sumergen en sesiones de aprendizaje extensas, que van desde 120 hasta 200 horas, dise\u00f1adas para mejorar las habilidades ling\u00fc\u00edsticas de manera integral.<\/li>\n<li><strong>Clases en Sede\/Online:<\/strong> Elija entre clases en sede u online para adaptarse a las necesidades y preferencias de su equipo, proporcionando flexibilidad en el aprendizaje.<\/li>\n<li><strong>Evaluaciones Intermedias y Finales:<\/strong> Las evaluaciones a mitad de curso y al final del programa ayudan a rastrear el progreso y garantizar que se alcancen los niveles de competencia requeridos.<\/li>\n<li><strong>Prueba de Ubicaci\u00f3n Final:<\/strong> Una prueba de ubicaci\u00f3n final eval\u00faa la competencia ling\u00fc\u00edstica alcanzada por los participantes, brindando informaci\u00f3n valiosa sobre su viaje de aprendizaje.<\/li>\n<li><strong>Apoyo Comercial Continuo:<\/strong> Ofrecemos un soporte comercial continuo para ayudar a su organizaci\u00f3n a maximizar los beneficios del aprendizaje de idiomas dentro de su contexto empresarial.<\/li>\n<li><strong>Reportes de Asistencia y Seguimiento de Progreso:<\/strong> Se proporcionan informes detallados sobre la asistencia y el progreso al comienzo, en el medio y al final del programa, garantizando transparencia y responsabilidad.<\/li>\n<\/ul>\n<p><strong>Eleve las Habilidades de Comunicaci\u00f3n de su Empresa con los Planes Empresariales de Avanti Language School. Cont\u00e1ctenos hoy mismo para adaptar una soluci\u00f3n de aprendizaje de idiomas que se ajuste a las necesidades y objetivos de su organizaci\u00f3n.<\/strong><\/p>\n\t\t\t\t<\/div>\n\t\t\t<\/div>\n\t\t<\/div>\n\t\t<\/div>\n<\/div>\n<\/div><\/div><\/div><\/div><\/div><div id=\"pg-21292-3\"  class=\"panel-grid panel-has-style\" ><div class=\"panel-row-style panel-row-style-for-21292-3\" ><div id=\"pgc-21292-3-0\"  class=\"panel-grid-cell\" ><div id=\"panel-21292-3-0-0\" class=\"so-panel widget widget_sow-cta panel-first-child panel-last-child\" data-index=\"4\" ><div\n\t\t\t\n\t\t\tclass=\"so-widget-sow-cta so-widget-sow-cta-default-d8892c3e8824-21292\"\n\t\t\t\n\t\t><div\n\tclass=\"sow-cta-base\"\n\t>\n\t\n\t<div class=\"sow-cta-wrapper\">\n\n\t\t<div class=\"sow-cta-text\">\n\t\t\t\t\t\t\t<h2 class=\"sow-cta-title\">\n\t\t\t\t\t\u00bfQuieres iniciar un Programa?  \t\t\t\t<\/h2>\n\t\t\t\n\t\t\t\t\t<\/div>\n\n\t\t<div\n\t\t\t\n\t\t\tclass=\"so-widget-sow-button so-widget-sow-button-flat-378fb970dfd3\"\n\t\t\t\n\t\t><div class=\"ow-button-base ow-button-align-center\"\n>\n\t\t\t<a\n\t\t\t\t\thref=\"https:\/\/avantilanguageschool.com\/en\/page-section\/contact-us\/\"\n\t\t\t\t\tclass=\"sowb-button ow-icon-placement-left ow-button-hover\" download=\"\" \t>\n\t\t<span>\n\t\t\t\n\t\t\tSolicita mas informaci\u00f3n \t\t<\/span>\n\t\t\t<\/a>\n\t<\/div>\n<\/div>\n\t<\/div>\n\n\t<\/div>\n<\/div><\/div><\/div><\/div><\/div><\/div>","protected":false},"excerpt":{"rendered":"<p>Descubre el Poder del Idioma con Avanti &#8211; Planes Empresariales Eleva la comunicaci\u00f3n global de tu empresa con los Planes Empresariales de Avanti Language School. Ofrecemos programas personalizados, ya sea virtual o presencial, dise\u00f1ados para impulsar la fluidez y la efectividad comunicativa en el entorno corporativo. Sum\u00e9rgete en sesiones intensivas y accede a actividades culturales [&hellip;]<\/p>\n","protected":false},"author":1,"featured_media":0,"parent":0,"menu_order":0,"comment_status":"closed","ping_status":"closed","template":"","meta":{"om_disable_all_campaigns":false,"_monsterinsights_skip_tracking":false,"_monsterinsights_sitenote_active":false,"_monsterinsights_sitenote_note":"","_monsterinsights_sitenote_category":0,"_uf_show_specific_survey":0,"_uf_disable_surveys":false,"_joinchat":[],"footnotes":""},"class_list":["post-21292","page","type-page","status-publish","hentry"],"aioseo_notices":[],"_links":{"self":[{"href":"https:\/\/avantilanguageschool.com\/en\/wp-json\/wp\/v2\/pages\/21292","targetHints":{"allow":["GET"]}}],"collection":[{"href":"https:\/\/avantilanguageschool.com\/en\/wp-json\/wp\/v2\/pages"}],"about":[{"href":"https:\/\/avantilanguageschool.com\/en\/wp-json\/wp\/v2\/types\/page"}],"author":[{"embeddable":true,"href":"https:\/\/avantilanguageschool.com\/en\/wp-json\/wp\/v2\/users\/1"}],"replies":[{"embeddable":true,"href":"https:\/\/avantilanguageschool.com\/en\/wp-json\/wp\/v2\/comments?post=21292"}],"version-history":[{"count":5,"href":"https:\/\/avantilanguageschool.com\/en\/wp-json\/wp\/v2\/pages\/21292\/revisions"}],"predecessor-version":[{"id":21306,"href":"https:\/\/avantilanguageschool.com\/en\/wp-json\/wp\/v2\/pages\/21292\/revisions\/21306"}],"wp:attachment":[{"href":"https:\/\/avantilanguageschool.com\/en\/wp-json\/wp\/v2\/media?parent=21292"}],"curies":[{"name":"wp","href":"https:\/\/api.w.org\/{rel}","templated":true}]}}